{"id":298,"date":"2025-03-17T12:34:51","date_gmt":"2025-03-17T12:34:51","guid":{"rendered":"https:\/\/paripesa.team\/ci\/ru\/?page_id=298"},"modified":"2026-02-23T16:43:39","modified_gmt":"2026-02-23T16:43:39","slug":"apk","status":"publish","type":"page","link":"https:\/\/paripesa.team\/ci\/apk\/","title":{"rendered":"Apk"},"content":{"rendered":"","protected":false},"excerpt":{"rendered":"","protected":false},"author":1,"featured_media":0,"parent":0,"menu_order":0,"comment_status":"closed","ping_status":"closed","template":"","meta":{"footnotes":""},"class_list":["post-298","page","type-page","status-publish","hentry"],"yoast_head":"<!-- This site is optimized with the Yoast SEO plugin v23.0 - https:\/\/yoast.com\/wordpress\/plugins\/seo\/ -->\n<title>Paripesa Apk \u25b6\ufe0f Comment t\u00e9l\u00e9charger et jouer<\/title>\n<meta name=\"description\" content=\"Paripesa Cote D\u2019Ivoire apk est un moyen pratique d&#039;acc\u00e9der aux boutiques de paris et aux casinos lors de vos d\u00e9placements. Paripesa Apk pour Android offre une interface optimis\u00e9e et des offres de bonus exclusives.\" \/>\n<meta name=\"robots\" content=\"index, follow, max-snippet:-1, max-image-preview:large, max-video-preview:-1\" \/>\n<meta property=\"og:locale\" content=\"fr_FR\" \/>\n<meta property=\"og:type\" content=\"article\" \/>\n<meta property=\"og:title\" content=\"Paripesa Apk \u25b6\ufe0f Comment t\u00e9l\u00e9charger et jouer\" \/>\n<meta property=\"og:description\" content=\"Paripesa Cote D\u2019Ivoire apk est un moyen pratique d&#039;acc\u00e9der aux boutiques de paris et aux casinos lors de vos d\u00e9placements. Paripesa Apk pour Android offre une interface optimis\u00e9e et des offres de bonus exclusives.\" \/>\n<meta property=\"og:url\" content=\"https:\/\/paripesa.team\/ci\/apk\/\" \/>\n<meta property=\"og:site_name\" content=\"Paripesa Team ci\" \/>\n<meta property=\"article:modified_time\" content=\"2026-02-23T16:43:39+00:00\" \/>\n<meta name=\"twitter:card\" content=\"summary_large_image\" \/>\n<script type=\"application\/ld+json\" class=\"yoast-schema-graph\">{\"@context\":\"https:\/\/schema.org\",\"@graph\":[{\"@type\":\"WebPage\",\"@id\":\"https:\/\/paripesa.team\/ci\/apk\/\",\"url\":\"https:\/\/paripesa.team\/ci\/apk\/\",\"name\":\"Paripesa Apk \u25b6\ufe0f Comment t\u00e9l\u00e9charger et jouer\",\"isPartOf\":{\"@id\":\"https:\/\/paripesa.team\/ci\/#website\"},\"datePublished\":\"2025-03-17T12:34:51+00:00\",\"dateModified\":\"2026-02-23T16:43:39+00:00\",\"description\":\"Paripesa Cote D\u2019Ivoire apk est un moyen pratique d'acc\u00e9der aux boutiques de paris et aux casinos lors de vos d\u00e9placements. Paripesa Apk pour Android offre une interface optimis\u00e9e et des offres de bonus exclusives.\",\"breadcrumb\":{\"@id\":\"https:\/\/paripesa.team\/ci\/apk\/#breadcrumb\"},\"inLanguage\":\"fr-CI\",\"potentialAction\":[{\"@type\":\"ReadAction\",\"target\":[\"https:\/\/paripesa.team\/ci\/apk\/\"]}]},{\"@type\":\"BreadcrumbList\",\"@id\":\"https:\/\/paripesa.team\/ci\/apk\/#breadcrumb\",\"itemListElement\":[{\"@type\":\"ListItem\",\"position\":1,\"name\":\"Home\",\"item\":\"https:\/\/paripesa.team\/ci\/\"},{\"@type\":\"ListItem\",\"position\":2,\"name\":\"Apk\"}]},{\"@type\":\"WebSite\",\"@id\":\"https:\/\/paripesa.team\/ci\/#website\",\"url\":\"https:\/\/paripesa.team\/ci\/\",\"name\":\"Paripesa Team ci\",\"description\":\"My WordPress Blog\",\"potentialAction\":[{\"@type\":\"SearchAction\",\"target\":{\"@type\":\"EntryPoint\",\"urlTemplate\":\"https:\/\/paripesa.team\/ci\/?s={search_term_string}\"},\"query-input\":\"required name=search_term_string\"}],\"inLanguage\":\"fr-CI\"}]}<\/script>\n<!-- \/ Yoast SEO plugin. -->","yoast_head_json":{"title":"Paripesa Apk \u25b6\ufe0f Comment t\u00e9l\u00e9charger et jouer","description":"Paripesa Cote D\u2019Ivoire apk est un moyen pratique d'acc\u00e9der aux boutiques de paris et aux casinos lors de vos d\u00e9placements. Paripesa Apk pour Android offre une interface optimis\u00e9e et des offres de bonus exclusives.","robots":{"index":"index","follow":"follow","max-snippet":"max-snippet:-1","max-image-preview":"max-image-preview:large","max-video-preview":"max-video-preview:-1"},"og_locale":"fr_FR","og_type":"article","og_title":"Paripesa Apk \u25b6\ufe0f Comment t\u00e9l\u00e9charger et jouer","og_description":"Paripesa Cote D\u2019Ivoire apk est un moyen pratique d'acc\u00e9der aux boutiques de paris et aux casinos lors de vos d\u00e9placements. Paripesa Apk pour Android offre une interface optimis\u00e9e et des offres de bonus exclusives.","og_url":"https:\/\/paripesa.team\/ci\/apk\/","og_site_name":"Paripesa Team ci","article_modified_time":"2026-02-23T16:43:39+00:00","twitter_card":"summary_large_image","schema":{"@context":"https:\/\/schema.org","@graph":[{"@type":"WebPage","@id":"https:\/\/paripesa.team\/ci\/apk\/","url":"https:\/\/paripesa.team\/ci\/apk\/","name":"Paripesa Apk \u25b6\ufe0f Comment t\u00e9l\u00e9charger et jouer","isPartOf":{"@id":"https:\/\/paripesa.team\/ci\/#website"},"datePublished":"2025-03-17T12:34:51+00:00","dateModified":"2026-02-23T16:43:39+00:00","description":"Paripesa Cote D\u2019Ivoire apk est un moyen pratique d'acc\u00e9der aux boutiques de paris et aux casinos lors de vos d\u00e9placements. Paripesa Apk pour Android offre une interface optimis\u00e9e et des offres de bonus exclusives.","breadcrumb":{"@id":"https:\/\/paripesa.team\/ci\/apk\/#breadcrumb"},"inLanguage":"fr-CI","potentialAction":[{"@type":"ReadAction","target":["https:\/\/paripesa.team\/ci\/apk\/"]}]},{"@type":"BreadcrumbList","@id":"https:\/\/paripesa.team\/ci\/apk\/#breadcrumb","itemListElement":[{"@type":"ListItem","position":1,"name":"Home","item":"https:\/\/paripesa.team\/ci\/"},{"@type":"ListItem","position":2,"name":"Apk"}]},{"@type":"WebSite","@id":"https:\/\/paripesa.team\/ci\/#website","url":"https:\/\/paripesa.team\/ci\/","name":"Paripesa Team ci","description":"My WordPress Blog","potentialAction":[{"@type":"SearchAction","target":{"@type":"EntryPoint","urlTemplate":"https:\/\/paripesa.team\/ci\/?s={search_term_string}"},"query-input":"required name=search_term_string"}],"inLanguage":"fr-CI"}]}},"_links":{"self":[{"href":"https:\/\/paripesa.team\/ci\/wp-json\/wp\/v2\/pages\/298","targetHints":{"allow":["GET"]}}],"collection":[{"href":"https:\/\/paripesa.team\/ci\/wp-json\/wp\/v2\/pages"}],"about":[{"href":"https:\/\/paripesa.team\/ci\/wp-json\/wp\/v2\/types\/page"}],"author":[{"embeddable":true,"href":"https:\/\/paripesa.team\/ci\/wp-json\/wp\/v2\/users\/1"}],"replies":[{"embeddable":true,"href":"https:\/\/paripesa.team\/ci\/wp-json\/wp\/v2\/comments?post=298"}],"version-history":[{"count":6,"href":"https:\/\/paripesa.team\/ci\/wp-json\/wp\/v2\/pages\/298\/revisions"}],"predecessor-version":[{"id":540,"href":"https:\/\/paripesa.team\/ci\/wp-json\/wp\/v2\/pages\/298\/revisions\/540"}],"wp:attachment":[{"href":"https:\/\/paripesa.team\/ci\/wp-json\/wp\/v2\/media?parent=298"}],"curies":[{"name":"wp","href":"https:\/\/api.w.org\/{rel}","templated":true}]}}