{"id":273,"date":"2024-03-14T05:50:59","date_gmt":"2024-03-14T05:50:59","guid":{"rendered":"https:\/\/paripesa.team\/ci\/ru\/?page_id=273"},"modified":"2026-02-23T17:19:53","modified_gmt":"2026-02-23T17:19:53","slug":"app","status":"publish","type":"page","link":"https:\/\/paripesa.team\/ci\/app\/","title":{"rendered":"Application"},"content":{"rendered":"","protected":false},"excerpt":{"rendered":"","protected":false},"author":1,"featured_media":0,"parent":0,"menu_order":0,"comment_status":"closed","ping_status":"closed","template":"","meta":{"footnotes":""},"class_list":["post-273","page","type-page","status-publish","hentry"],"yoast_head":"<!-- This site is optimized with the Yoast SEO plugin v23.0 - https:\/\/yoast.com\/wordpress\/plugins\/seo\/ -->\n<title>Application Paripesa : \u2705 T\u00e9l\u00e9chargement gratuit pour Android<\/title>\n<meta name=\"description\" content=\"L&#039;application mobile Paripesa Cote D\u2019Ivoire vous permet d&#039;acc\u00e9der \u00e0 vos divertissements pr\u00e9f\u00e9r\u00e9s \u00e0 tout moment et en tout lieu. Profitez des avantages mobiles de Paripes.a\" \/>\n<meta name=\"robots\" content=\"index, follow, max-snippet:-1, max-image-preview:large, max-video-preview:-1\" \/>\n<meta property=\"og:locale\" content=\"fr_FR\" \/>\n<meta property=\"og:type\" content=\"article\" \/>\n<meta property=\"og:title\" content=\"Application Paripesa : \u2705 T\u00e9l\u00e9chargement gratuit pour Android\" \/>\n<meta property=\"og:description\" content=\"L&#039;application mobile Paripesa Cote D\u2019Ivoire vous permet d&#039;acc\u00e9der \u00e0 vos divertissements pr\u00e9f\u00e9r\u00e9s \u00e0 tout moment et en tout lieu. Profitez des avantages mobiles de Paripes.a\" \/>\n<meta property=\"og:url\" content=\"https:\/\/paripesa.team\/ci\/app\/\" \/>\n<meta property=\"og:site_name\" content=\"Paripesa Team ci\" \/>\n<meta property=\"article:modified_time\" content=\"2026-02-23T17:19:53+00:00\" \/>\n<meta name=\"twitter:card\" content=\"summary_large_image\" \/>\n<script type=\"application\/ld+json\" class=\"yoast-schema-graph\">{\"@context\":\"https:\/\/schema.org\",\"@graph\":[{\"@type\":\"WebPage\",\"@id\":\"https:\/\/paripesa.team\/ci\/app\/\",\"url\":\"https:\/\/paripesa.team\/ci\/app\/\",\"name\":\"Application Paripesa : \u2705 T\u00e9l\u00e9chargement gratuit pour Android\",\"isPartOf\":{\"@id\":\"https:\/\/paripesa.team\/ci\/#website\"},\"datePublished\":\"2024-03-14T05:50:59+00:00\",\"dateModified\":\"2026-02-23T17:19:53+00:00\",\"description\":\"L'application mobile Paripesa Cote D\u2019Ivoire vous permet d'acc\u00e9der \u00e0 vos divertissements pr\u00e9f\u00e9r\u00e9s \u00e0 tout moment et en tout lieu. Profitez des avantages mobiles de Paripes.a\",\"breadcrumb\":{\"@id\":\"https:\/\/paripesa.team\/ci\/app\/#breadcrumb\"},\"inLanguage\":\"fr-CI\",\"potentialAction\":[{\"@type\":\"ReadAction\",\"target\":[\"https:\/\/paripesa.team\/ci\/app\/\"]}]},{\"@type\":\"BreadcrumbList\",\"@id\":\"https:\/\/paripesa.team\/ci\/app\/#breadcrumb\",\"itemListElement\":[{\"@type\":\"ListItem\",\"position\":1,\"name\":\"Home\",\"item\":\"https:\/\/paripesa.team\/ci\/\"},{\"@type\":\"ListItem\",\"position\":2,\"name\":\"Application\"}]},{\"@type\":\"WebSite\",\"@id\":\"https:\/\/paripesa.team\/ci\/#website\",\"url\":\"https:\/\/paripesa.team\/ci\/\",\"name\":\"Paripesa Team ci\",\"description\":\"My WordPress Blog\",\"potentialAction\":[{\"@type\":\"SearchAction\",\"target\":{\"@type\":\"EntryPoint\",\"urlTemplate\":\"https:\/\/paripesa.team\/ci\/?s={search_term_string}\"},\"query-input\":\"required name=search_term_string\"}],\"inLanguage\":\"fr-CI\"}]}<\/script>\n<!-- \/ Yoast SEO plugin. -->","yoast_head_json":{"title":"Application Paripesa : \u2705 T\u00e9l\u00e9chargement gratuit pour Android","description":"L'application mobile Paripesa Cote D\u2019Ivoire vous permet d'acc\u00e9der \u00e0 vos divertissements pr\u00e9f\u00e9r\u00e9s \u00e0 tout moment et en tout lieu. Profitez des avantages mobiles de Paripes.a","robots":{"index":"index","follow":"follow","max-snippet":"max-snippet:-1","max-image-preview":"max-image-preview:large","max-video-preview":"max-video-preview:-1"},"og_locale":"fr_FR","og_type":"article","og_title":"Application Paripesa : \u2705 T\u00e9l\u00e9chargement gratuit pour Android","og_description":"L'application mobile Paripesa Cote D\u2019Ivoire vous permet d'acc\u00e9der \u00e0 vos divertissements pr\u00e9f\u00e9r\u00e9s \u00e0 tout moment et en tout lieu. Profitez des avantages mobiles de Paripes.a","og_url":"https:\/\/paripesa.team\/ci\/app\/","og_site_name":"Paripesa Team ci","article_modified_time":"2026-02-23T17:19:53+00:00","twitter_card":"summary_large_image","schema":{"@context":"https:\/\/schema.org","@graph":[{"@type":"WebPage","@id":"https:\/\/paripesa.team\/ci\/app\/","url":"https:\/\/paripesa.team\/ci\/app\/","name":"Application Paripesa : \u2705 T\u00e9l\u00e9chargement gratuit pour Android","isPartOf":{"@id":"https:\/\/paripesa.team\/ci\/#website"},"datePublished":"2024-03-14T05:50:59+00:00","dateModified":"2026-02-23T17:19:53+00:00","description":"L'application mobile Paripesa Cote D\u2019Ivoire vous permet d'acc\u00e9der \u00e0 vos divertissements pr\u00e9f\u00e9r\u00e9s \u00e0 tout moment et en tout lieu. Profitez des avantages mobiles de Paripes.a","breadcrumb":{"@id":"https:\/\/paripesa.team\/ci\/app\/#breadcrumb"},"inLanguage":"fr-CI","potentialAction":[{"@type":"ReadAction","target":["https:\/\/paripesa.team\/ci\/app\/"]}]},{"@type":"BreadcrumbList","@id":"https:\/\/paripesa.team\/ci\/app\/#breadcrumb","itemListElement":[{"@type":"ListItem","position":1,"name":"Home","item":"https:\/\/paripesa.team\/ci\/"},{"@type":"ListItem","position":2,"name":"Application"}]},{"@type":"WebSite","@id":"https:\/\/paripesa.team\/ci\/#website","url":"https:\/\/paripesa.team\/ci\/","name":"Paripesa Team ci","description":"My WordPress Blog","potentialAction":[{"@type":"SearchAction","target":{"@type":"EntryPoint","urlTemplate":"https:\/\/paripesa.team\/ci\/?s={search_term_string}"},"query-input":"required name=search_term_string"}],"inLanguage":"fr-CI"}]}},"_links":{"self":[{"href":"https:\/\/paripesa.team\/ci\/wp-json\/wp\/v2\/pages\/273","targetHints":{"allow":["GET"]}}],"collection":[{"href":"https:\/\/paripesa.team\/ci\/wp-json\/wp\/v2\/pages"}],"about":[{"href":"https:\/\/paripesa.team\/ci\/wp-json\/wp\/v2\/types\/page"}],"author":[{"embeddable":true,"href":"https:\/\/paripesa.team\/ci\/wp-json\/wp\/v2\/users\/1"}],"replies":[{"embeddable":true,"href":"https:\/\/paripesa.team\/ci\/wp-json\/wp\/v2\/comments?post=273"}],"version-history":[{"count":7,"href":"https:\/\/paripesa.team\/ci\/wp-json\/wp\/v2\/pages\/273\/revisions"}],"predecessor-version":[{"id":542,"href":"https:\/\/paripesa.team\/ci\/wp-json\/wp\/v2\/pages\/273\/revisions\/542"}],"wp:attachment":[{"href":"https:\/\/paripesa.team\/ci\/wp-json\/wp\/v2\/media?parent=273"}],"curies":[{"name":"wp","href":"https:\/\/api.w.org\/{rel}","templated":true}]}}