{"id":257,"date":"2024-03-12T07:11:15","date_gmt":"2024-03-12T07:11:15","guid":{"rendered":"https:\/\/paripesa.team\/ch\/ru\/?page_id=257"},"modified":"2026-03-18T15:21:50","modified_gmt":"2026-03-18T15:21:50","slug":"casino","status":"publish","type":"page","link":"https:\/\/paripesa.team\/ch\/casino\/","title":{"rendered":"Casino"},"content":{"rendered":"","protected":false},"excerpt":{"rendered":"","protected":false},"author":1,"featured_media":0,"parent":0,"menu_order":0,"comment_status":"closed","ping_status":"closed","template":"","meta":{"footnotes":""},"class_list":["post-257","page","type-page","status-publish","hentry"],"yoast_head":"<!-- This site is optimized with the Yoast SEO plugin v27.4 - https:\/\/yoast.com\/product\/yoast-seo-wordpress\/ -->\n<title>Paripesa Schweiz Casino \u2014 \u00dcbersicht, Vorteile und beste Spiele<\/title>\n<meta name=\"description\" content=\"\u00d6ffnen Sie die T\u00fcren zur Welt des Gl\u00fccksspiels mit Paripesa Casino! Verr\u00fcckte Boni, zuverl\u00e4ssige Auszahlungen und spannende Spiele warten auf Sie. Melden Sie sich an und beginnen Sie noch heute zu gewinnen!\" \/>\n<meta name=\"robots\" content=\"index, follow, max-snippet:-1, max-image-preview:large, max-video-preview:-1\" \/>\n<meta property=\"og:locale\" content=\"de_DE\" \/>\n<meta property=\"og:type\" content=\"article\" \/>\n<meta property=\"og:title\" content=\"Paripesa Schweiz Casino \u2014 \u00dcbersicht, Vorteile und beste Spiele\" \/>\n<meta property=\"og:description\" content=\"\u00d6ffnen Sie die T\u00fcren zur Welt des Gl\u00fccksspiels mit Paripesa Casino! Verr\u00fcckte Boni, zuverl\u00e4ssige Auszahlungen und spannende Spiele warten auf Sie. Melden Sie sich an und beginnen Sie noch heute zu gewinnen!\" \/>\n<meta property=\"og:url\" content=\"https:\/\/paripesa.team\/ch\/casino\/\" \/>\n<meta property=\"og:site_name\" content=\"Paripesa Team ch\" \/>\n<meta property=\"article:modified_time\" content=\"2026-03-18T15:21:50+00:00\" \/>\n<meta name=\"twitter:card\" content=\"summary_large_image\" \/>\n<script type=\"application\/ld+json\" class=\"yoast-schema-graph\">{\"@context\":\"https:\\\/\\\/schema.org\",\"@graph\":[{\"@type\":\"WebPage\",\"@id\":\"https:\\\/\\\/paripesa.team\\\/ch\\\/casino\\\/\",\"url\":\"https:\\\/\\\/paripesa.team\\\/ch\\\/casino\\\/\",\"name\":\"Paripesa Schweiz Casino \u2014 \u00dcbersicht, Vorteile und beste Spiele\",\"isPartOf\":{\"@id\":\"https:\\\/\\\/paripesa.team\\\/ch\\\/#website\"},\"datePublished\":\"2024-03-12T07:11:15+00:00\",\"dateModified\":\"2026-03-18T15:21:50+00:00\",\"description\":\"\u00d6ffnen Sie die T\u00fcren zur Welt des Gl\u00fccksspiels mit Paripesa Casino! Verr\u00fcckte Boni, zuverl\u00e4ssige Auszahlungen und spannende Spiele warten auf Sie. Melden Sie sich an und beginnen Sie noch heute zu gewinnen!\",\"breadcrumb\":{\"@id\":\"https:\\\/\\\/paripesa.team\\\/ch\\\/casino\\\/#breadcrumb\"},\"inLanguage\":\"de-CH\",\"potentialAction\":[{\"@type\":\"ReadAction\",\"target\":[\"https:\\\/\\\/paripesa.team\\\/ch\\\/casino\\\/\"]}]},{\"@type\":\"BreadcrumbList\",\"@id\":\"https:\\\/\\\/paripesa.team\\\/ch\\\/casino\\\/#breadcrumb\",\"itemListElement\":[{\"@type\":\"ListItem\",\"position\":1,\"name\":\"Home\",\"item\":\"https:\\\/\\\/paripesa.team\\\/ch\\\/\"},{\"@type\":\"ListItem\",\"position\":2,\"name\":\"Casino\"}]},{\"@type\":\"WebSite\",\"@id\":\"https:\\\/\\\/paripesa.team\\\/ch\\\/#website\",\"url\":\"https:\\\/\\\/paripesa.team\\\/ch\\\/\",\"name\":\"Paripesa Team ch\",\"description\":\"My WordPress Blog\",\"potentialAction\":[{\"@type\":\"SearchAction\",\"target\":{\"@type\":\"EntryPoint\",\"urlTemplate\":\"https:\\\/\\\/paripesa.team\\\/ch\\\/?s={search_term_string}\"},\"query-input\":{\"@type\":\"PropertyValueSpecification\",\"valueRequired\":true,\"valueName\":\"search_term_string\"}}],\"inLanguage\":\"de-CH\"}]}<\/script>\n<!-- \/ Yoast SEO plugin. -->","yoast_head_json":{"title":"Paripesa Schweiz Casino \u2014 \u00dcbersicht, Vorteile und beste Spiele","description":"\u00d6ffnen Sie die T\u00fcren zur Welt des Gl\u00fccksspiels mit Paripesa Casino! Verr\u00fcckte Boni, zuverl\u00e4ssige Auszahlungen und spannende Spiele warten auf Sie. Melden Sie sich an und beginnen Sie noch heute zu gewinnen!","robots":{"index":"index","follow":"follow","max-snippet":"max-snippet:-1","max-image-preview":"max-image-preview:large","max-video-preview":"max-video-preview:-1"},"og_locale":"de_DE","og_type":"article","og_title":"Paripesa Schweiz Casino \u2014 \u00dcbersicht, Vorteile und beste Spiele","og_description":"\u00d6ffnen Sie die T\u00fcren zur Welt des Gl\u00fccksspiels mit Paripesa Casino! Verr\u00fcckte Boni, zuverl\u00e4ssige Auszahlungen und spannende Spiele warten auf Sie. Melden Sie sich an und beginnen Sie noch heute zu gewinnen!","og_url":"https:\/\/paripesa.team\/ch\/casino\/","og_site_name":"Paripesa Team ch","article_modified_time":"2026-03-18T15:21:50+00:00","twitter_card":"summary_large_image","schema":{"@context":"https:\/\/schema.org","@graph":[{"@type":"WebPage","@id":"https:\/\/paripesa.team\/ch\/casino\/","url":"https:\/\/paripesa.team\/ch\/casino\/","name":"Paripesa Schweiz Casino \u2014 \u00dcbersicht, Vorteile und beste Spiele","isPartOf":{"@id":"https:\/\/paripesa.team\/ch\/#website"},"datePublished":"2024-03-12T07:11:15+00:00","dateModified":"2026-03-18T15:21:50+00:00","description":"\u00d6ffnen Sie die T\u00fcren zur Welt des Gl\u00fccksspiels mit Paripesa Casino! Verr\u00fcckte Boni, zuverl\u00e4ssige Auszahlungen und spannende Spiele warten auf Sie. Melden Sie sich an und beginnen Sie noch heute zu gewinnen!","breadcrumb":{"@id":"https:\/\/paripesa.team\/ch\/casino\/#breadcrumb"},"inLanguage":"de-CH","potentialAction":[{"@type":"ReadAction","target":["https:\/\/paripesa.team\/ch\/casino\/"]}]},{"@type":"BreadcrumbList","@id":"https:\/\/paripesa.team\/ch\/casino\/#breadcrumb","itemListElement":[{"@type":"ListItem","position":1,"name":"Home","item":"https:\/\/paripesa.team\/ch\/"},{"@type":"ListItem","position":2,"name":"Casino"}]},{"@type":"WebSite","@id":"https:\/\/paripesa.team\/ch\/#website","url":"https:\/\/paripesa.team\/ch\/","name":"Paripesa Team ch","description":"My WordPress Blog","potentialAction":[{"@type":"SearchAction","target":{"@type":"EntryPoint","urlTemplate":"https:\/\/paripesa.team\/ch\/?s={search_term_string}"},"query-input":{"@type":"PropertyValueSpecification","valueRequired":true,"valueName":"search_term_string"}}],"inLanguage":"de-CH"}]}},"_links":{"self":[{"href":"https:\/\/paripesa.team\/ch\/wp-json\/wp\/v2\/pages\/257","targetHints":{"allow":["GET"]}}],"collection":[{"href":"https:\/\/paripesa.team\/ch\/wp-json\/wp\/v2\/pages"}],"about":[{"href":"https:\/\/paripesa.team\/ch\/wp-json\/wp\/v2\/types\/page"}],"author":[{"embeddable":true,"href":"https:\/\/paripesa.team\/ch\/wp-json\/wp\/v2\/users\/1"}],"replies":[{"embeddable":true,"href":"https:\/\/paripesa.team\/ch\/wp-json\/wp\/v2\/comments?post=257"}],"version-history":[{"count":13,"href":"https:\/\/paripesa.team\/ch\/wp-json\/wp\/v2\/pages\/257\/revisions"}],"predecessor-version":[{"id":577,"href":"https:\/\/paripesa.team\/ch\/wp-json\/wp\/v2\/pages\/257\/revisions\/577"}],"wp:attachment":[{"href":"https:\/\/paripesa.team\/ch\/wp-json\/wp\/v2\/media?parent=257"}],"curies":[{"name":"wp","href":"https:\/\/api.w.org\/{rel}","templated":true}]}}