{"id":530,"date":"2026-02-16T11:34:51","date_gmt":"2026-02-16T11:34:51","guid":{"rendered":"https:\/\/paripesa.team\/br\/?page_id=530"},"modified":"2026-02-19T12:16:06","modified_gmt":"2026-02-19T12:16:06","slug":"partners","status":"publish","type":"page","link":"https:\/\/paripesa.team\/br\/partners\/","title":{"rendered":"Parceiros"},"content":{"rendered":"","protected":false},"excerpt":{"rendered":"","protected":false},"author":1,"featured_media":0,"parent":0,"menu_order":0,"comment_status":"closed","ping_status":"closed","template":"","meta":{"footnotes":""},"class_list":["post-530","page","type-page","status-publish","hentry"],"yoast_head":"<!-- This site is optimized with the Yoast SEO plugin v23.0 - https:\/\/yoast.com\/wordpress\/plugins\/seo\/ -->\n<title>Paripesa Partners \u2014 RevShare 45% + Pagamentos semanais em cript<\/title>\n<meta name=\"description\" content=\"O Programa de Afiliados da Paripesa Brasil \u00e9 um dos melhores programas de afiliados para apostas e cassinos, com RevShare de 45%, modelos CPA\/h\u00edbridos, gerente pessoal, estat\u00edsticas em tempo real e pagamentos r\u00e1pidos (criptomoedas, cart\u00f5es, EW). Inscreva-se gratuitamente, obtenha banners personalizados e monetize o tr\u00e1fego sem fraudes \u2014 ganhe por lead de cache sem dep\u00f3sitos!\" \/>\n<meta name=\"robots\" content=\"index, follow, max-snippet:-1, max-image-preview:large, max-video-preview:-1\" \/>\n<meta property=\"og:locale\" content=\"pt_BR\" \/>\n<meta property=\"og:type\" content=\"article\" \/>\n<meta property=\"og:title\" content=\"Paripesa Partners \u2014 RevShare 45% + Pagamentos semanais em cript\" \/>\n<meta property=\"og:description\" content=\"O Programa de Afiliados da Paripesa Brasil \u00e9 um dos melhores programas de afiliados para apostas e cassinos, com RevShare de 45%, modelos CPA\/h\u00edbridos, gerente pessoal, estat\u00edsticas em tempo real e pagamentos r\u00e1pidos (criptomoedas, cart\u00f5es, EW). Inscreva-se gratuitamente, obtenha banners personalizados e monetize o tr\u00e1fego sem fraudes \u2014 ganhe por lead de cache sem dep\u00f3sitos!\" \/>\n<meta property=\"og:url\" content=\"https:\/\/paripesa.team\/br\/partners\/\" \/>\n<meta property=\"og:site_name\" content=\"Paripesa Team br\" \/>\n<meta property=\"article:modified_time\" content=\"2026-02-19T12:16:06+00:00\" \/>\n<meta name=\"twitter:card\" content=\"summary_large_image\" \/>\n<script type=\"application\/ld+json\" class=\"yoast-schema-graph\">{\"@context\":\"https:\/\/schema.org\",\"@graph\":[{\"@type\":\"WebPage\",\"@id\":\"https:\/\/paripesa.team\/br\/partners\/\",\"url\":\"https:\/\/paripesa.team\/br\/partners\/\",\"name\":\"Paripesa Partners \u2014 RevShare 45% + Pagamentos semanais em cript\",\"isPartOf\":{\"@id\":\"https:\/\/paripesa.team\/br\/#website\"},\"datePublished\":\"2026-02-16T11:34:51+00:00\",\"dateModified\":\"2026-02-19T12:16:06+00:00\",\"description\":\"O Programa de Afiliados da Paripesa Brasil \u00e9 um dos melhores programas de afiliados para apostas e cassinos, com RevShare de 45%, modelos CPA\/h\u00edbridos, gerente pessoal, estat\u00edsticas em tempo real e pagamentos r\u00e1pidos (criptomoedas, cart\u00f5es, EW). Inscreva-se gratuitamente, obtenha banners personalizados e monetize o tr\u00e1fego sem fraudes \u2014 ganhe por lead de cache sem dep\u00f3sitos!\",\"breadcrumb\":{\"@id\":\"https:\/\/paripesa.team\/br\/partners\/#breadcrumb\"},\"inLanguage\":\"pt-BR\",\"potentialAction\":[{\"@type\":\"ReadAction\",\"target\":[\"https:\/\/paripesa.team\/br\/partners\/\"]}]},{\"@type\":\"BreadcrumbList\",\"@id\":\"https:\/\/paripesa.team\/br\/partners\/#breadcrumb\",\"itemListElement\":[{\"@type\":\"ListItem\",\"position\":1,\"name\":\"Home\",\"item\":\"https:\/\/paripesa.team\/br\/\"},{\"@type\":\"ListItem\",\"position\":2,\"name\":\"Parceiros\"}]},{\"@type\":\"WebSite\",\"@id\":\"https:\/\/paripesa.team\/br\/#website\",\"url\":\"https:\/\/paripesa.team\/br\/\",\"name\":\"Paripesa Team br\",\"description\":\"My WordPress Blog\",\"potentialAction\":[{\"@type\":\"SearchAction\",\"target\":{\"@type\":\"EntryPoint\",\"urlTemplate\":\"https:\/\/paripesa.team\/br\/?s={search_term_string}\"},\"query-input\":\"required name=search_term_string\"}],\"inLanguage\":\"pt-BR\"}]}<\/script>\n<!-- \/ Yoast SEO plugin. -->","yoast_head_json":{"title":"Paripesa Partners \u2014 RevShare 45% + Pagamentos semanais em cript","description":"O Programa de Afiliados da Paripesa Brasil \u00e9 um dos melhores programas de afiliados para apostas e cassinos, com RevShare de 45%, modelos CPA\/h\u00edbridos, gerente pessoal, estat\u00edsticas em tempo real e pagamentos r\u00e1pidos (criptomoedas, cart\u00f5es, EW). Inscreva-se gratuitamente, obtenha banners personalizados e monetize o tr\u00e1fego sem fraudes \u2014 ganhe por lead de cache sem dep\u00f3sitos!","robots":{"index":"index","follow":"follow","max-snippet":"max-snippet:-1","max-image-preview":"max-image-preview:large","max-video-preview":"max-video-preview:-1"},"og_locale":"pt_BR","og_type":"article","og_title":"Paripesa Partners \u2014 RevShare 45% + Pagamentos semanais em cript","og_description":"O Programa de Afiliados da Paripesa Brasil \u00e9 um dos melhores programas de afiliados para apostas e cassinos, com RevShare de 45%, modelos CPA\/h\u00edbridos, gerente pessoal, estat\u00edsticas em tempo real e pagamentos r\u00e1pidos (criptomoedas, cart\u00f5es, EW). Inscreva-se gratuitamente, obtenha banners personalizados e monetize o tr\u00e1fego sem fraudes \u2014 ganhe por lead de cache sem dep\u00f3sitos!","og_url":"https:\/\/paripesa.team\/br\/partners\/","og_site_name":"Paripesa Team br","article_modified_time":"2026-02-19T12:16:06+00:00","twitter_card":"summary_large_image","schema":{"@context":"https:\/\/schema.org","@graph":[{"@type":"WebPage","@id":"https:\/\/paripesa.team\/br\/partners\/","url":"https:\/\/paripesa.team\/br\/partners\/","name":"Paripesa Partners \u2014 RevShare 45% + Pagamentos semanais em cript","isPartOf":{"@id":"https:\/\/paripesa.team\/br\/#website"},"datePublished":"2026-02-16T11:34:51+00:00","dateModified":"2026-02-19T12:16:06+00:00","description":"O Programa de Afiliados da Paripesa Brasil \u00e9 um dos melhores programas de afiliados para apostas e cassinos, com RevShare de 45%, modelos CPA\/h\u00edbridos, gerente pessoal, estat\u00edsticas em tempo real e pagamentos r\u00e1pidos (criptomoedas, cart\u00f5es, EW). Inscreva-se gratuitamente, obtenha banners personalizados e monetize o tr\u00e1fego sem fraudes \u2014 ganhe por lead de cache sem dep\u00f3sitos!","breadcrumb":{"@id":"https:\/\/paripesa.team\/br\/partners\/#breadcrumb"},"inLanguage":"pt-BR","potentialAction":[{"@type":"ReadAction","target":["https:\/\/paripesa.team\/br\/partners\/"]}]},{"@type":"BreadcrumbList","@id":"https:\/\/paripesa.team\/br\/partners\/#breadcrumb","itemListElement":[{"@type":"ListItem","position":1,"name":"Home","item":"https:\/\/paripesa.team\/br\/"},{"@type":"ListItem","position":2,"name":"Parceiros"}]},{"@type":"WebSite","@id":"https:\/\/paripesa.team\/br\/#website","url":"https:\/\/paripesa.team\/br\/","name":"Paripesa Team br","description":"My WordPress Blog","potentialAction":[{"@type":"SearchAction","target":{"@type":"EntryPoint","urlTemplate":"https:\/\/paripesa.team\/br\/?s={search_term_string}"},"query-input":"required name=search_term_string"}],"inLanguage":"pt-BR"}]}},"_links":{"self":[{"href":"https:\/\/paripesa.team\/br\/wp-json\/wp\/v2\/pages\/530","targetHints":{"allow":["GET"]}}],"collection":[{"href":"https:\/\/paripesa.team\/br\/wp-json\/wp\/v2\/pages"}],"about":[{"href":"https:\/\/paripesa.team\/br\/wp-json\/wp\/v2\/types\/page"}],"author":[{"embeddable":true,"href":"https:\/\/paripesa.team\/br\/wp-json\/wp\/v2\/users\/1"}],"replies":[{"embeddable":true,"href":"https:\/\/paripesa.team\/br\/wp-json\/wp\/v2\/comments?post=530"}],"version-history":[{"count":4,"href":"https:\/\/paripesa.team\/br\/wp-json\/wp\/v2\/pages\/530\/revisions"}],"predecessor-version":[{"id":556,"href":"https:\/\/paripesa.team\/br\/wp-json\/wp\/v2\/pages\/530\/revisions\/556"}],"wp:attachment":[{"href":"https:\/\/paripesa.team\/br\/wp-json\/wp\/v2\/media?parent=530"}],"curies":[{"name":"wp","href":"https:\/\/api.w.org\/{rel}","templated":true}]}}