{"id":471,"date":"2025-07-24T12:43:48","date_gmt":"2025-07-24T12:43:48","guid":{"rendered":"https:\/\/paripesa.team\/br\/?page_id=471"},"modified":"2026-03-29T07:51:41","modified_gmt":"2026-03-29T07:51:41","slug":"app-bonus","status":"publish","type":"page","link":"https:\/\/paripesa.team\/br\/bonus\/app-bonus\/","title":{"rendered":"Aplicativo Freebet"},"content":{"rendered":"","protected":false},"excerpt":{"rendered":"","protected":false},"author":1,"featured_media":0,"parent":320,"menu_order":0,"comment_status":"closed","ping_status":"closed","template":"","meta":{"footnotes":""},"class_list":["post-471","page","type-page","status-publish","hentry"],"yoast_head":"<!-- This site is optimized with the Yoast SEO plugin v23.0 - https:\/\/yoast.com\/wordpress\/plugins\/seo\/ -->\n<title>PariPesa App freebet: \u2714\ufe0f Ganhe um b\u00f4nus em apostas de 20 BRL<\/title>\n<meta name=\"description\" content=\"Ganhe uma aposta gr\u00e1tis no aplicativo PariPesa Brasil. Fa\u00e7a apostas a partir de 20 BRL e receba o b\u00f4nus ap\u00f3s dez apostas. Ative a promo\u00e7\u00e3o e comece a apostar!\" \/>\n<meta name=\"robots\" content=\"index, follow, max-snippet:-1, max-image-preview:large, max-video-preview:-1\" \/>\n<meta property=\"og:locale\" content=\"pt_BR\" \/>\n<meta property=\"og:type\" content=\"article\" \/>\n<meta property=\"og:title\" content=\"PariPesa App freebet: \u2714\ufe0f Ganhe um b\u00f4nus em apostas de 20 BRL\" \/>\n<meta property=\"og:description\" content=\"Ganhe uma aposta gr\u00e1tis no aplicativo PariPesa Brasil. Fa\u00e7a apostas a partir de 20 BRL e receba o b\u00f4nus ap\u00f3s dez apostas. Ative a promo\u00e7\u00e3o e comece a apostar!\" \/>\n<meta property=\"og:url\" content=\"https:\/\/paripesa.team\/br\/bonus\/app-bonus\/\" \/>\n<meta property=\"og:site_name\" content=\"Paripesa Team br\" \/>\n<meta property=\"article:modified_time\" content=\"2026-03-29T07:51:41+00:00\" \/>\n<meta name=\"twitter:card\" content=\"summary_large_image\" \/>\n<script type=\"application\/ld+json\" class=\"yoast-schema-graph\">{\"@context\":\"https:\/\/schema.org\",\"@graph\":[{\"@type\":\"WebPage\",\"@id\":\"https:\/\/paripesa.team\/br\/bonus\/app-bonus\/\",\"url\":\"https:\/\/paripesa.team\/br\/bonus\/app-bonus\/\",\"name\":\"PariPesa App freebet: \u2714\ufe0f Ganhe um b\u00f4nus em apostas de 20 BRL\",\"isPartOf\":{\"@id\":\"https:\/\/paripesa.team\/br\/#website\"},\"datePublished\":\"2025-07-24T12:43:48+00:00\",\"dateModified\":\"2026-03-29T07:51:41+00:00\",\"description\":\"Ganhe uma aposta gr\u00e1tis no aplicativo PariPesa Brasil. Fa\u00e7a apostas a partir de 20 BRL e receba o b\u00f4nus ap\u00f3s dez apostas. Ative a promo\u00e7\u00e3o e comece a apostar!\",\"breadcrumb\":{\"@id\":\"https:\/\/paripesa.team\/br\/bonus\/app-bonus\/#breadcrumb\"},\"inLanguage\":\"pt-BR\",\"potentialAction\":[{\"@type\":\"ReadAction\",\"target\":[\"https:\/\/paripesa.team\/br\/bonus\/app-bonus\/\"]}]},{\"@type\":\"BreadcrumbList\",\"@id\":\"https:\/\/paripesa.team\/br\/bonus\/app-bonus\/#breadcrumb\",\"itemListElement\":[{\"@type\":\"ListItem\",\"position\":1,\"name\":\"Home\",\"item\":\"https:\/\/paripesa.team\/br\/\"},{\"@type\":\"ListItem\",\"position\":2,\"name\":\"B\u00f4nus\",\"item\":\"https:\/\/paripesa.team\/br\/bonus\/\"},{\"@type\":\"ListItem\",\"position\":3,\"name\":\"Aplicativo Freebet\"}]},{\"@type\":\"WebSite\",\"@id\":\"https:\/\/paripesa.team\/br\/#website\",\"url\":\"https:\/\/paripesa.team\/br\/\",\"name\":\"Paripesa Team br\",\"description\":\"My WordPress Blog\",\"potentialAction\":[{\"@type\":\"SearchAction\",\"target\":{\"@type\":\"EntryPoint\",\"urlTemplate\":\"https:\/\/paripesa.team\/br\/?s={search_term_string}\"},\"query-input\":\"required name=search_term_string\"}],\"inLanguage\":\"pt-BR\"}]}<\/script>\n<!-- \/ Yoast SEO plugin. -->","yoast_head_json":{"title":"PariPesa App freebet: \u2714\ufe0f Ganhe um b\u00f4nus em apostas de 20 BRL","description":"Ganhe uma aposta gr\u00e1tis no aplicativo PariPesa Brasil. Fa\u00e7a apostas a partir de 20 BRL e receba o b\u00f4nus ap\u00f3s dez apostas. Ative a promo\u00e7\u00e3o e comece a apostar!","robots":{"index":"index","follow":"follow","max-snippet":"max-snippet:-1","max-image-preview":"max-image-preview:large","max-video-preview":"max-video-preview:-1"},"og_locale":"pt_BR","og_type":"article","og_title":"PariPesa App freebet: \u2714\ufe0f Ganhe um b\u00f4nus em apostas de 20 BRL","og_description":"Ganhe uma aposta gr\u00e1tis no aplicativo PariPesa Brasil. Fa\u00e7a apostas a partir de 20 BRL e receba o b\u00f4nus ap\u00f3s dez apostas. Ative a promo\u00e7\u00e3o e comece a apostar!","og_url":"https:\/\/paripesa.team\/br\/bonus\/app-bonus\/","og_site_name":"Paripesa Team br","article_modified_time":"2026-03-29T07:51:41+00:00","twitter_card":"summary_large_image","schema":{"@context":"https:\/\/schema.org","@graph":[{"@type":"WebPage","@id":"https:\/\/paripesa.team\/br\/bonus\/app-bonus\/","url":"https:\/\/paripesa.team\/br\/bonus\/app-bonus\/","name":"PariPesa App freebet: \u2714\ufe0f Ganhe um b\u00f4nus em apostas de 20 BRL","isPartOf":{"@id":"https:\/\/paripesa.team\/br\/#website"},"datePublished":"2025-07-24T12:43:48+00:00","dateModified":"2026-03-29T07:51:41+00:00","description":"Ganhe uma aposta gr\u00e1tis no aplicativo PariPesa Brasil. Fa\u00e7a apostas a partir de 20 BRL e receba o b\u00f4nus ap\u00f3s dez apostas. Ative a promo\u00e7\u00e3o e comece a apostar!","breadcrumb":{"@id":"https:\/\/paripesa.team\/br\/bonus\/app-bonus\/#breadcrumb"},"inLanguage":"pt-BR","potentialAction":[{"@type":"ReadAction","target":["https:\/\/paripesa.team\/br\/bonus\/app-bonus\/"]}]},{"@type":"BreadcrumbList","@id":"https:\/\/paripesa.team\/br\/bonus\/app-bonus\/#breadcrumb","itemListElement":[{"@type":"ListItem","position":1,"name":"Home","item":"https:\/\/paripesa.team\/br\/"},{"@type":"ListItem","position":2,"name":"B\u00f4nus","item":"https:\/\/paripesa.team\/br\/bonus\/"},{"@type":"ListItem","position":3,"name":"Aplicativo Freebet"}]},{"@type":"WebSite","@id":"https:\/\/paripesa.team\/br\/#website","url":"https:\/\/paripesa.team\/br\/","name":"Paripesa Team br","description":"My WordPress Blog","potentialAction":[{"@type":"SearchAction","target":{"@type":"EntryPoint","urlTemplate":"https:\/\/paripesa.team\/br\/?s={search_term_string}"},"query-input":"required name=search_term_string"}],"inLanguage":"pt-BR"}]}},"_links":{"self":[{"href":"https:\/\/paripesa.team\/br\/wp-json\/wp\/v2\/pages\/471","targetHints":{"allow":["GET"]}}],"collection":[{"href":"https:\/\/paripesa.team\/br\/wp-json\/wp\/v2\/pages"}],"about":[{"href":"https:\/\/paripesa.team\/br\/wp-json\/wp\/v2\/types\/page"}],"author":[{"embeddable":true,"href":"https:\/\/paripesa.team\/br\/wp-json\/wp\/v2\/users\/1"}],"replies":[{"embeddable":true,"href":"https:\/\/paripesa.team\/br\/wp-json\/wp\/v2\/comments?post=471"}],"version-history":[{"count":5,"href":"https:\/\/paripesa.team\/br\/wp-json\/wp\/v2\/pages\/471\/revisions"}],"predecessor-version":[{"id":564,"href":"https:\/\/paripesa.team\/br\/wp-json\/wp\/v2\/pages\/471\/revisions\/564"}],"up":[{"embeddable":true,"href":"https:\/\/paripesa.team\/br\/wp-json\/wp\/v2\/pages\/320"}],"wp:attachment":[{"href":"https:\/\/paripesa.team\/br\/wp-json\/wp\/v2\/media?parent=471"}],"curies":[{"name":"wp","href":"https:\/\/api.w.org\/{rel}","templated":true}]}}