{"id":352,"date":"2025-03-25T13:11:08","date_gmt":"2025-03-25T13:11:08","guid":{"rendered":"https:\/\/paripesa.team\/br\/ru\/?page_id=352"},"modified":"2026-02-19T12:25:25","modified_gmt":"2026-02-19T12:25:25","slug":"login","status":"publish","type":"page","link":"https:\/\/paripesa.team\/br\/login\/","title":{"rendered":"Entrar"},"content":{"rendered":"","protected":false},"excerpt":{"rendered":"","protected":false},"author":1,"featured_media":0,"parent":0,"menu_order":0,"comment_status":"closed","ping_status":"closed","template":"","meta":{"footnotes":""},"class_list":["post-352","page","type-page","status-publish","hentry"],"yoast_head":"<!-- This site is optimized with the Yoast SEO plugin v23.0 - https:\/\/yoast.com\/wordpress\/plugins\/seo\/ -->\n<title>Login na Paripesa Brasil | Processo de autoriza\u00e7\u00e3o passo a passo<\/title>\n<meta name=\"description\" content=\"Processo de login passo a passo na Paripesa - como acessar sua conta - Fa\u00e7a login na Paripesa e receba um pacote de boas-vindas de at\u00e9 R$ 9.000 e 150 rodadas gr\u00e1tis\" \/>\n<meta name=\"robots\" content=\"index, follow, max-snippet:-1, max-image-preview:large, max-video-preview:-1\" \/>\n<meta property=\"og:locale\" content=\"pt_BR\" \/>\n<meta property=\"og:type\" content=\"article\" \/>\n<meta property=\"og:title\" content=\"Login na Paripesa Brasil | Processo de autoriza\u00e7\u00e3o passo a passo\" \/>\n<meta property=\"og:description\" content=\"Processo de login passo a passo na Paripesa - como acessar sua conta - Fa\u00e7a login na Paripesa e receba um pacote de boas-vindas de at\u00e9 R$ 9.000 e 150 rodadas gr\u00e1tis\" \/>\n<meta property=\"og:url\" content=\"https:\/\/paripesa.team\/br\/login\/\" \/>\n<meta property=\"og:site_name\" content=\"Paripesa Team br\" \/>\n<meta property=\"article:modified_time\" content=\"2026-02-19T12:25:25+00:00\" \/>\n<meta name=\"twitter:card\" content=\"summary_large_image\" \/>\n<script type=\"application\/ld+json\" class=\"yoast-schema-graph\">{\"@context\":\"https:\/\/schema.org\",\"@graph\":[{\"@type\":\"WebPage\",\"@id\":\"https:\/\/paripesa.team\/br\/login\/\",\"url\":\"https:\/\/paripesa.team\/br\/login\/\",\"name\":\"Login na Paripesa Brasil | Processo de autoriza\u00e7\u00e3o passo a passo\",\"isPartOf\":{\"@id\":\"https:\/\/paripesa.team\/br\/#website\"},\"datePublished\":\"2025-03-25T13:11:08+00:00\",\"dateModified\":\"2026-02-19T12:25:25+00:00\",\"description\":\"Processo de login passo a passo na Paripesa - como acessar sua conta - Fa\u00e7a login na Paripesa e receba um pacote de boas-vindas de at\u00e9 R$ 9.000 e 150 rodadas gr\u00e1tis\",\"breadcrumb\":{\"@id\":\"https:\/\/paripesa.team\/br\/login\/#breadcrumb\"},\"inLanguage\":\"pt-BR\",\"potentialAction\":[{\"@type\":\"ReadAction\",\"target\":[\"https:\/\/paripesa.team\/br\/login\/\"]}]},{\"@type\":\"BreadcrumbList\",\"@id\":\"https:\/\/paripesa.team\/br\/login\/#breadcrumb\",\"itemListElement\":[{\"@type\":\"ListItem\",\"position\":1,\"name\":\"Home\",\"item\":\"https:\/\/paripesa.team\/br\/\"},{\"@type\":\"ListItem\",\"position\":2,\"name\":\"Entrar\"}]},{\"@type\":\"WebSite\",\"@id\":\"https:\/\/paripesa.team\/br\/#website\",\"url\":\"https:\/\/paripesa.team\/br\/\",\"name\":\"Paripesa Team br\",\"description\":\"My WordPress Blog\",\"potentialAction\":[{\"@type\":\"SearchAction\",\"target\":{\"@type\":\"EntryPoint\",\"urlTemplate\":\"https:\/\/paripesa.team\/br\/?s={search_term_string}\"},\"query-input\":\"required name=search_term_string\"}],\"inLanguage\":\"pt-BR\"}]}<\/script>\n<!-- \/ Yoast SEO plugin. -->","yoast_head_json":{"title":"Login na Paripesa Brasil | Processo de autoriza\u00e7\u00e3o passo a passo","description":"Processo de login passo a passo na Paripesa - como acessar sua conta - Fa\u00e7a login na Paripesa e receba um pacote de boas-vindas de at\u00e9 R$ 9.000 e 150 rodadas gr\u00e1tis","robots":{"index":"index","follow":"follow","max-snippet":"max-snippet:-1","max-image-preview":"max-image-preview:large","max-video-preview":"max-video-preview:-1"},"og_locale":"pt_BR","og_type":"article","og_title":"Login na Paripesa Brasil | Processo de autoriza\u00e7\u00e3o passo a passo","og_description":"Processo de login passo a passo na Paripesa - como acessar sua conta - Fa\u00e7a login na Paripesa e receba um pacote de boas-vindas de at\u00e9 R$ 9.000 e 150 rodadas gr\u00e1tis","og_url":"https:\/\/paripesa.team\/br\/login\/","og_site_name":"Paripesa Team br","article_modified_time":"2026-02-19T12:25:25+00:00","twitter_card":"summary_large_image","schema":{"@context":"https:\/\/schema.org","@graph":[{"@type":"WebPage","@id":"https:\/\/paripesa.team\/br\/login\/","url":"https:\/\/paripesa.team\/br\/login\/","name":"Login na Paripesa Brasil | Processo de autoriza\u00e7\u00e3o passo a passo","isPartOf":{"@id":"https:\/\/paripesa.team\/br\/#website"},"datePublished":"2025-03-25T13:11:08+00:00","dateModified":"2026-02-19T12:25:25+00:00","description":"Processo de login passo a passo na Paripesa - como acessar sua conta - Fa\u00e7a login na Paripesa e receba um pacote de boas-vindas de at\u00e9 R$ 9.000 e 150 rodadas gr\u00e1tis","breadcrumb":{"@id":"https:\/\/paripesa.team\/br\/login\/#breadcrumb"},"inLanguage":"pt-BR","potentialAction":[{"@type":"ReadAction","target":["https:\/\/paripesa.team\/br\/login\/"]}]},{"@type":"BreadcrumbList","@id":"https:\/\/paripesa.team\/br\/login\/#breadcrumb","itemListElement":[{"@type":"ListItem","position":1,"name":"Home","item":"https:\/\/paripesa.team\/br\/"},{"@type":"ListItem","position":2,"name":"Entrar"}]},{"@type":"WebSite","@id":"https:\/\/paripesa.team\/br\/#website","url":"https:\/\/paripesa.team\/br\/","name":"Paripesa Team br","description":"My WordPress Blog","potentialAction":[{"@type":"SearchAction","target":{"@type":"EntryPoint","urlTemplate":"https:\/\/paripesa.team\/br\/?s={search_term_string}"},"query-input":"required name=search_term_string"}],"inLanguage":"pt-BR"}]}},"_links":{"self":[{"href":"https:\/\/paripesa.team\/br\/wp-json\/wp\/v2\/pages\/352","targetHints":{"allow":["GET"]}}],"collection":[{"href":"https:\/\/paripesa.team\/br\/wp-json\/wp\/v2\/pages"}],"about":[{"href":"https:\/\/paripesa.team\/br\/wp-json\/wp\/v2\/types\/page"}],"author":[{"embeddable":true,"href":"https:\/\/paripesa.team\/br\/wp-json\/wp\/v2\/users\/1"}],"replies":[{"embeddable":true,"href":"https:\/\/paripesa.team\/br\/wp-json\/wp\/v2\/comments?post=352"}],"version-history":[{"count":8,"href":"https:\/\/paripesa.team\/br\/wp-json\/wp\/v2\/pages\/352\/revisions"}],"predecessor-version":[{"id":554,"href":"https:\/\/paripesa.team\/br\/wp-json\/wp\/v2\/pages\/352\/revisions\/554"}],"wp:attachment":[{"href":"https:\/\/paripesa.team\/br\/wp-json\/wp\/v2\/media?parent=352"}],"curies":[{"name":"wp","href":"https:\/\/api.w.org\/{rel}","templated":true}]}}