{"id":273,"date":"2024-03-14T05:50:59","date_gmt":"2024-03-14T05:50:59","guid":{"rendered":"https:\/\/paripesa.team\/br\/ru\/?page_id=273"},"modified":"2026-02-19T09:39:27","modified_gmt":"2026-02-19T09:39:27","slug":"app","status":"publish","type":"page","link":"https:\/\/paripesa.team\/br\/app\/","title":{"rendered":"Aplicativo"},"content":{"rendered":"","protected":false},"excerpt":{"rendered":"","protected":false},"author":1,"featured_media":0,"parent":0,"menu_order":0,"comment_status":"closed","ping_status":"closed","template":"","meta":{"footnotes":""},"class_list":["post-273","page","type-page","status-publish","hentry"],"yoast_head":"<!-- This site is optimized with the Yoast SEO plugin v23.0 - https:\/\/yoast.com\/wordpress\/plugins\/seo\/ -->\n<title>Aplicativo Paripesa: \u2705Baixe gratuitamente para Android e iOS<\/title>\n<meta name=\"description\" content=\"O aplicativo m\u00f3vel Paripesa Brasil \u00e9 uma oportunidade de acessar seu entretenimento favorito a qualquer hora e em qualquer lugar. Aproveite os benef\u00edcios m\u00f3veis da Paripesa.\" \/>\n<meta name=\"robots\" content=\"index, follow, max-snippet:-1, max-image-preview:large, max-video-preview:-1\" \/>\n<meta property=\"og:locale\" content=\"pt_BR\" \/>\n<meta property=\"og:type\" content=\"article\" \/>\n<meta property=\"og:title\" content=\"Aplicativo Paripesa: \u2705Baixe gratuitamente para Android e iOS\" \/>\n<meta property=\"og:description\" content=\"O aplicativo m\u00f3vel Paripesa Brasil \u00e9 uma oportunidade de acessar seu entretenimento favorito a qualquer hora e em qualquer lugar. Aproveite os benef\u00edcios m\u00f3veis da Paripesa.\" \/>\n<meta property=\"og:url\" content=\"https:\/\/paripesa.team\/br\/app\/\" \/>\n<meta property=\"og:site_name\" content=\"Paripesa Team br\" \/>\n<meta property=\"article:modified_time\" content=\"2026-02-19T09:39:27+00:00\" \/>\n<meta name=\"twitter:card\" content=\"summary_large_image\" \/>\n<script type=\"application\/ld+json\" class=\"yoast-schema-graph\">{\"@context\":\"https:\/\/schema.org\",\"@graph\":[{\"@type\":\"WebPage\",\"@id\":\"https:\/\/paripesa.team\/br\/app\/\",\"url\":\"https:\/\/paripesa.team\/br\/app\/\",\"name\":\"Aplicativo Paripesa: \u2705Baixe gratuitamente para Android e iOS\",\"isPartOf\":{\"@id\":\"https:\/\/paripesa.team\/br\/#website\"},\"datePublished\":\"2024-03-14T05:50:59+00:00\",\"dateModified\":\"2026-02-19T09:39:27+00:00\",\"description\":\"O aplicativo m\u00f3vel Paripesa Brasil \u00e9 uma oportunidade de acessar seu entretenimento favorito a qualquer hora e em qualquer lugar. Aproveite os benef\u00edcios m\u00f3veis da Paripesa.\",\"breadcrumb\":{\"@id\":\"https:\/\/paripesa.team\/br\/app\/#breadcrumb\"},\"inLanguage\":\"pt-BR\",\"potentialAction\":[{\"@type\":\"ReadAction\",\"target\":[\"https:\/\/paripesa.team\/br\/app\/\"]}]},{\"@type\":\"BreadcrumbList\",\"@id\":\"https:\/\/paripesa.team\/br\/app\/#breadcrumb\",\"itemListElement\":[{\"@type\":\"ListItem\",\"position\":1,\"name\":\"Home\",\"item\":\"https:\/\/paripesa.team\/br\/\"},{\"@type\":\"ListItem\",\"position\":2,\"name\":\"Aplicativo\"}]},{\"@type\":\"WebSite\",\"@id\":\"https:\/\/paripesa.team\/br\/#website\",\"url\":\"https:\/\/paripesa.team\/br\/\",\"name\":\"Paripesa Team br\",\"description\":\"My WordPress Blog\",\"potentialAction\":[{\"@type\":\"SearchAction\",\"target\":{\"@type\":\"EntryPoint\",\"urlTemplate\":\"https:\/\/paripesa.team\/br\/?s={search_term_string}\"},\"query-input\":\"required name=search_term_string\"}],\"inLanguage\":\"pt-BR\"}]}<\/script>\n<!-- \/ Yoast SEO plugin. -->","yoast_head_json":{"title":"Aplicativo Paripesa: \u2705Baixe gratuitamente para Android e iOS","description":"O aplicativo m\u00f3vel Paripesa Brasil \u00e9 uma oportunidade de acessar seu entretenimento favorito a qualquer hora e em qualquer lugar. Aproveite os benef\u00edcios m\u00f3veis da Paripesa.","robots":{"index":"index","follow":"follow","max-snippet":"max-snippet:-1","max-image-preview":"max-image-preview:large","max-video-preview":"max-video-preview:-1"},"og_locale":"pt_BR","og_type":"article","og_title":"Aplicativo Paripesa: \u2705Baixe gratuitamente para Android e iOS","og_description":"O aplicativo m\u00f3vel Paripesa Brasil \u00e9 uma oportunidade de acessar seu entretenimento favorito a qualquer hora e em qualquer lugar. Aproveite os benef\u00edcios m\u00f3veis da Paripesa.","og_url":"https:\/\/paripesa.team\/br\/app\/","og_site_name":"Paripesa Team br","article_modified_time":"2026-02-19T09:39:27+00:00","twitter_card":"summary_large_image","schema":{"@context":"https:\/\/schema.org","@graph":[{"@type":"WebPage","@id":"https:\/\/paripesa.team\/br\/app\/","url":"https:\/\/paripesa.team\/br\/app\/","name":"Aplicativo Paripesa: \u2705Baixe gratuitamente para Android e iOS","isPartOf":{"@id":"https:\/\/paripesa.team\/br\/#website"},"datePublished":"2024-03-14T05:50:59+00:00","dateModified":"2026-02-19T09:39:27+00:00","description":"O aplicativo m\u00f3vel Paripesa Brasil \u00e9 uma oportunidade de acessar seu entretenimento favorito a qualquer hora e em qualquer lugar. Aproveite os benef\u00edcios m\u00f3veis da Paripesa.","breadcrumb":{"@id":"https:\/\/paripesa.team\/br\/app\/#breadcrumb"},"inLanguage":"pt-BR","potentialAction":[{"@type":"ReadAction","target":["https:\/\/paripesa.team\/br\/app\/"]}]},{"@type":"BreadcrumbList","@id":"https:\/\/paripesa.team\/br\/app\/#breadcrumb","itemListElement":[{"@type":"ListItem","position":1,"name":"Home","item":"https:\/\/paripesa.team\/br\/"},{"@type":"ListItem","position":2,"name":"Aplicativo"}]},{"@type":"WebSite","@id":"https:\/\/paripesa.team\/br\/#website","url":"https:\/\/paripesa.team\/br\/","name":"Paripesa Team br","description":"My WordPress Blog","potentialAction":[{"@type":"SearchAction","target":{"@type":"EntryPoint","urlTemplate":"https:\/\/paripesa.team\/br\/?s={search_term_string}"},"query-input":"required name=search_term_string"}],"inLanguage":"pt-BR"}]}},"_links":{"self":[{"href":"https:\/\/paripesa.team\/br\/wp-json\/wp\/v2\/pages\/273","targetHints":{"allow":["GET"]}}],"collection":[{"href":"https:\/\/paripesa.team\/br\/wp-json\/wp\/v2\/pages"}],"about":[{"href":"https:\/\/paripesa.team\/br\/wp-json\/wp\/v2\/types\/page"}],"author":[{"embeddable":true,"href":"https:\/\/paripesa.team\/br\/wp-json\/wp\/v2\/users\/1"}],"replies":[{"embeddable":true,"href":"https:\/\/paripesa.team\/br\/wp-json\/wp\/v2\/comments?post=273"}],"version-history":[{"count":7,"href":"https:\/\/paripesa.team\/br\/wp-json\/wp\/v2\/pages\/273\/revisions"}],"predecessor-version":[{"id":541,"href":"https:\/\/paripesa.team\/br\/wp-json\/wp\/v2\/pages\/273\/revisions\/541"}],"wp:attachment":[{"href":"https:\/\/paripesa.team\/br\/wp-json\/wp\/v2\/media?parent=273"}],"curies":[{"name":"wp","href":"https:\/\/api.w.org\/{rel}","templated":true}]}}