{"id":257,"date":"2024-03-12T07:11:15","date_gmt":"2024-03-12T07:11:15","guid":{"rendered":"https:\/\/paripesa.team\/br\/ru\/?page_id=257"},"modified":"2026-03-29T07:56:52","modified_gmt":"2026-03-29T07:56:52","slug":"casino","status":"publish","type":"page","link":"https:\/\/paripesa.team\/br\/casino\/","title":{"rendered":"Cassino"},"content":{"rendered":"","protected":false},"excerpt":{"rendered":"","protected":false},"author":1,"featured_media":0,"parent":0,"menu_order":0,"comment_status":"closed","ping_status":"closed","template":"","meta":{"footnotes":""},"class_list":["post-257","page","type-page","status-publish","hentry"],"yoast_head":"<!-- This site is optimized with the Yoast SEO plugin v23.0 - https:\/\/yoast.com\/wordpress\/plugins\/seo\/ -->\n<title>Paripesa Casino: \u2611\ufe0fVis\u00e3o geral, benef\u00edcios e melhores jogos<\/title>\n<meta name=\"description\" content=\"Abra as portas para o mundo dos jogos de azar com o Paripesa Brasil Casino! B\u00f4nus incr\u00edveis, pagamentos confi\u00e1veis e jogos emocionantes est\u00e3o esperando por voc\u00ea. Cadastre-se e comece a ganhar hoje mesmo!\" \/>\n<meta name=\"robots\" content=\"index, follow, max-snippet:-1, max-image-preview:large, max-video-preview:-1\" \/>\n<meta property=\"og:locale\" content=\"pt_BR\" \/>\n<meta property=\"og:type\" content=\"article\" \/>\n<meta property=\"og:title\" content=\"Paripesa Casino: \u2611\ufe0fVis\u00e3o geral, benef\u00edcios e melhores jogos\" \/>\n<meta property=\"og:description\" content=\"Abra as portas para o mundo dos jogos de azar com o Paripesa Brasil Casino! B\u00f4nus incr\u00edveis, pagamentos confi\u00e1veis e jogos emocionantes est\u00e3o esperando por voc\u00ea. Cadastre-se e comece a ganhar hoje mesmo!\" \/>\n<meta property=\"og:url\" content=\"https:\/\/paripesa.team\/br\/casino\/\" \/>\n<meta property=\"og:site_name\" content=\"Paripesa Team br\" \/>\n<meta property=\"article:modified_time\" content=\"2026-03-29T07:56:52+00:00\" \/>\n<meta name=\"twitter:card\" content=\"summary_large_image\" \/>\n<script type=\"application\/ld+json\" class=\"yoast-schema-graph\">{\"@context\":\"https:\/\/schema.org\",\"@graph\":[{\"@type\":\"WebPage\",\"@id\":\"https:\/\/paripesa.team\/br\/casino\/\",\"url\":\"https:\/\/paripesa.team\/br\/casino\/\",\"name\":\"Paripesa Casino: \u2611\ufe0fVis\u00e3o geral, benef\u00edcios e melhores jogos\",\"isPartOf\":{\"@id\":\"https:\/\/paripesa.team\/br\/#website\"},\"datePublished\":\"2024-03-12T07:11:15+00:00\",\"dateModified\":\"2026-03-29T07:56:52+00:00\",\"description\":\"Abra as portas para o mundo dos jogos de azar com o Paripesa Brasil Casino! B\u00f4nus incr\u00edveis, pagamentos confi\u00e1veis e jogos emocionantes est\u00e3o esperando por voc\u00ea. Cadastre-se e comece a ganhar hoje mesmo!\",\"breadcrumb\":{\"@id\":\"https:\/\/paripesa.team\/br\/casino\/#breadcrumb\"},\"inLanguage\":\"pt-BR\",\"potentialAction\":[{\"@type\":\"ReadAction\",\"target\":[\"https:\/\/paripesa.team\/br\/casino\/\"]}]},{\"@type\":\"BreadcrumbList\",\"@id\":\"https:\/\/paripesa.team\/br\/casino\/#breadcrumb\",\"itemListElement\":[{\"@type\":\"ListItem\",\"position\":1,\"name\":\"Home\",\"item\":\"https:\/\/paripesa.team\/br\/\"},{\"@type\":\"ListItem\",\"position\":2,\"name\":\"Cassino\"}]},{\"@type\":\"WebSite\",\"@id\":\"https:\/\/paripesa.team\/br\/#website\",\"url\":\"https:\/\/paripesa.team\/br\/\",\"name\":\"Paripesa Team br\",\"description\":\"My WordPress Blog\",\"potentialAction\":[{\"@type\":\"SearchAction\",\"target\":{\"@type\":\"EntryPoint\",\"urlTemplate\":\"https:\/\/paripesa.team\/br\/?s={search_term_string}\"},\"query-input\":\"required name=search_term_string\"}],\"inLanguage\":\"pt-BR\"}]}<\/script>\n<!-- \/ Yoast SEO plugin. -->","yoast_head_json":{"title":"Paripesa Casino: \u2611\ufe0fVis\u00e3o geral, benef\u00edcios e melhores jogos","description":"Abra as portas para o mundo dos jogos de azar com o Paripesa Brasil Casino! B\u00f4nus incr\u00edveis, pagamentos confi\u00e1veis e jogos emocionantes est\u00e3o esperando por voc\u00ea. Cadastre-se e comece a ganhar hoje mesmo!","robots":{"index":"index","follow":"follow","max-snippet":"max-snippet:-1","max-image-preview":"max-image-preview:large","max-video-preview":"max-video-preview:-1"},"og_locale":"pt_BR","og_type":"article","og_title":"Paripesa Casino: \u2611\ufe0fVis\u00e3o geral, benef\u00edcios e melhores jogos","og_description":"Abra as portas para o mundo dos jogos de azar com o Paripesa Brasil Casino! B\u00f4nus incr\u00edveis, pagamentos confi\u00e1veis e jogos emocionantes est\u00e3o esperando por voc\u00ea. Cadastre-se e comece a ganhar hoje mesmo!","og_url":"https:\/\/paripesa.team\/br\/casino\/","og_site_name":"Paripesa Team br","article_modified_time":"2026-03-29T07:56:52+00:00","twitter_card":"summary_large_image","schema":{"@context":"https:\/\/schema.org","@graph":[{"@type":"WebPage","@id":"https:\/\/paripesa.team\/br\/casino\/","url":"https:\/\/paripesa.team\/br\/casino\/","name":"Paripesa Casino: \u2611\ufe0fVis\u00e3o geral, benef\u00edcios e melhores jogos","isPartOf":{"@id":"https:\/\/paripesa.team\/br\/#website"},"datePublished":"2024-03-12T07:11:15+00:00","dateModified":"2026-03-29T07:56:52+00:00","description":"Abra as portas para o mundo dos jogos de azar com o Paripesa Brasil Casino! B\u00f4nus incr\u00edveis, pagamentos confi\u00e1veis e jogos emocionantes est\u00e3o esperando por voc\u00ea. Cadastre-se e comece a ganhar hoje mesmo!","breadcrumb":{"@id":"https:\/\/paripesa.team\/br\/casino\/#breadcrumb"},"inLanguage":"pt-BR","potentialAction":[{"@type":"ReadAction","target":["https:\/\/paripesa.team\/br\/casino\/"]}]},{"@type":"BreadcrumbList","@id":"https:\/\/paripesa.team\/br\/casino\/#breadcrumb","itemListElement":[{"@type":"ListItem","position":1,"name":"Home","item":"https:\/\/paripesa.team\/br\/"},{"@type":"ListItem","position":2,"name":"Cassino"}]},{"@type":"WebSite","@id":"https:\/\/paripesa.team\/br\/#website","url":"https:\/\/paripesa.team\/br\/","name":"Paripesa Team br","description":"My WordPress Blog","potentialAction":[{"@type":"SearchAction","target":{"@type":"EntryPoint","urlTemplate":"https:\/\/paripesa.team\/br\/?s={search_term_string}"},"query-input":"required name=search_term_string"}],"inLanguage":"pt-BR"}]}},"_links":{"self":[{"href":"https:\/\/paripesa.team\/br\/wp-json\/wp\/v2\/pages\/257","targetHints":{"allow":["GET"]}}],"collection":[{"href":"https:\/\/paripesa.team\/br\/wp-json\/wp\/v2\/pages"}],"about":[{"href":"https:\/\/paripesa.team\/br\/wp-json\/wp\/v2\/types\/page"}],"author":[{"embeddable":true,"href":"https:\/\/paripesa.team\/br\/wp-json\/wp\/v2\/users\/1"}],"replies":[{"embeddable":true,"href":"https:\/\/paripesa.team\/br\/wp-json\/wp\/v2\/comments?post=257"}],"version-history":[{"count":13,"href":"https:\/\/paripesa.team\/br\/wp-json\/wp\/v2\/pages\/257\/revisions"}],"predecessor-version":[{"id":567,"href":"https:\/\/paripesa.team\/br\/wp-json\/wp\/v2\/pages\/257\/revisions\/567"}],"wp:attachment":[{"href":"https:\/\/paripesa.team\/br\/wp-json\/wp\/v2\/media?parent=257"}],"curies":[{"name":"wp","href":"https:\/\/api.w.org\/{rel}","templated":true}]}}