{"id":2,"date":"2023-05-18T17:18:34","date_gmt":"2023-05-18T17:18:34","guid":{"rendered":"https:\/\/paripesa.team\/br\/?page_id=2"},"modified":"2026-03-29T07:50:36","modified_gmt":"2026-03-29T07:50:36","slug":"sample-page","status":"publish","type":"page","link":"https:\/\/paripesa.team\/br\/","title":{"rendered":"P\u00e1gina inicial"},"content":{"rendered":"","protected":false},"excerpt":{"rendered":"","protected":false},"author":1,"featured_media":0,"parent":0,"menu_order":0,"comment_status":"closed","ping_status":"open","template":"","meta":{"footnotes":""},"class_list":["post-2","page","type-page","status-publish","hentry"],"yoast_head":"<!-- This site is optimized with the Yoast SEO plugin v23.0 - https:\/\/yoast.com\/wordpress\/plugins\/seo\/ -->\n<title>Paripesa\u2122 \u2014 Apostas esportivas, melhores oddss \u2014 abril 2026<\/title>\n<meta name=\"description\" content=\"A Pari Pesa Brasil oferece apostas esportivas nas principais ligas com odds competitivas, mercados de apostas ao vivo, coloca\u00e7\u00e3o r\u00e1pida de apostas e uma experi\u00eancia tranquila para apostadores s\u00e9rios.\" \/>\n<meta name=\"robots\" content=\"index, follow, max-snippet:-1, max-image-preview:large, max-video-preview:-1\" \/>\n<meta property=\"og:locale\" content=\"pt_BR\" \/>\n<meta property=\"og:type\" content=\"article\" \/>\n<meta property=\"og:title\" content=\"Paripesa\u2122 \u2014 Apostas esportivas, melhores oddss \u2014 abril 2026\" \/>\n<meta property=\"og:description\" content=\"A Pari Pesa Brasil oferece apostas esportivas nas principais ligas com odds competitivas, mercados de apostas ao vivo, coloca\u00e7\u00e3o r\u00e1pida de apostas e uma experi\u00eancia tranquila para apostadores s\u00e9rios.\" \/>\n<meta property=\"og:url\" content=\"https:\/\/paripesa.team\/br\/\" \/>\n<meta property=\"og:site_name\" content=\"Paripesa Team br\" \/>\n<meta property=\"article:modified_time\" content=\"2026-03-29T07:50:36+00:00\" \/>\n<meta name=\"twitter:card\" content=\"summary_large_image\" \/>\n<script type=\"application\/ld+json\" class=\"yoast-schema-graph\">{\"@context\":\"https:\/\/schema.org\",\"@graph\":[{\"@type\":\"WebPage\",\"@id\":\"https:\/\/paripesa.team\/br\/\",\"url\":\"https:\/\/paripesa.team\/br\/\",\"name\":\"Paripesa\u2122 \u2014 Apostas esportivas, melhores oddss \u2014 abril 2026\",\"isPartOf\":{\"@id\":\"https:\/\/paripesa.team\/br\/#website\"},\"datePublished\":\"2023-05-18T17:18:34+00:00\",\"dateModified\":\"2026-03-29T07:50:36+00:00\",\"description\":\"A Pari Pesa Brasil oferece apostas esportivas nas principais ligas com odds competitivas, mercados de apostas ao vivo, coloca\u00e7\u00e3o r\u00e1pida de apostas e uma experi\u00eancia tranquila para apostadores s\u00e9rios.\",\"breadcrumb\":{\"@id\":\"https:\/\/paripesa.team\/br\/#breadcrumb\"},\"inLanguage\":\"pt-BR\",\"potentialAction\":[{\"@type\":\"ReadAction\",\"target\":[\"https:\/\/paripesa.team\/br\/\"]}]},{\"@type\":\"BreadcrumbList\",\"@id\":\"https:\/\/paripesa.team\/br\/#breadcrumb\",\"itemListElement\":[{\"@type\":\"ListItem\",\"position\":1,\"name\":\"Home\",\"item\":\"https:\/\/paripesa.team\/br\/\"},{\"@type\":\"ListItem\",\"position\":2,\"name\":\"P\u00e1gina inicial\"}]},{\"@type\":\"WebSite\",\"@id\":\"https:\/\/paripesa.team\/br\/#website\",\"url\":\"https:\/\/paripesa.team\/br\/\",\"name\":\"Paripesa Team br\",\"description\":\"My WordPress Blog\",\"potentialAction\":[{\"@type\":\"SearchAction\",\"target\":{\"@type\":\"EntryPoint\",\"urlTemplate\":\"https:\/\/paripesa.team\/br\/?s={search_term_string}\"},\"query-input\":\"required name=search_term_string\"}],\"inLanguage\":\"pt-BR\"}]}<\/script>\n<!-- \/ Yoast SEO plugin. -->","yoast_head_json":{"title":"Paripesa\u2122 \u2014 Apostas esportivas, melhores oddss \u2014 abril 2026","description":"A Pari Pesa Brasil oferece apostas esportivas nas principais ligas com odds competitivas, mercados de apostas ao vivo, coloca\u00e7\u00e3o r\u00e1pida de apostas e uma experi\u00eancia tranquila para apostadores s\u00e9rios.","robots":{"index":"index","follow":"follow","max-snippet":"max-snippet:-1","max-image-preview":"max-image-preview:large","max-video-preview":"max-video-preview:-1"},"og_locale":"pt_BR","og_type":"article","og_title":"Paripesa\u2122 \u2014 Apostas esportivas, melhores oddss \u2014 abril 2026","og_description":"A Pari Pesa Brasil oferece apostas esportivas nas principais ligas com odds competitivas, mercados de apostas ao vivo, coloca\u00e7\u00e3o r\u00e1pida de apostas e uma experi\u00eancia tranquila para apostadores s\u00e9rios.","og_url":"https:\/\/paripesa.team\/br\/","og_site_name":"Paripesa Team br","article_modified_time":"2026-03-29T07:50:36+00:00","twitter_card":"summary_large_image","schema":{"@context":"https:\/\/schema.org","@graph":[{"@type":"WebPage","@id":"https:\/\/paripesa.team\/br\/","url":"https:\/\/paripesa.team\/br\/","name":"Paripesa\u2122 \u2014 Apostas esportivas, melhores oddss \u2014 abril 2026","isPartOf":{"@id":"https:\/\/paripesa.team\/br\/#website"},"datePublished":"2023-05-18T17:18:34+00:00","dateModified":"2026-03-29T07:50:36+00:00","description":"A Pari Pesa Brasil oferece apostas esportivas nas principais ligas com odds competitivas, mercados de apostas ao vivo, coloca\u00e7\u00e3o r\u00e1pida de apostas e uma experi\u00eancia tranquila para apostadores s\u00e9rios.","breadcrumb":{"@id":"https:\/\/paripesa.team\/br\/#breadcrumb"},"inLanguage":"pt-BR","potentialAction":[{"@type":"ReadAction","target":["https:\/\/paripesa.team\/br\/"]}]},{"@type":"BreadcrumbList","@id":"https:\/\/paripesa.team\/br\/#breadcrumb","itemListElement":[{"@type":"ListItem","position":1,"name":"Home","item":"https:\/\/paripesa.team\/br\/"},{"@type":"ListItem","position":2,"name":"P\u00e1gina inicial"}]},{"@type":"WebSite","@id":"https:\/\/paripesa.team\/br\/#website","url":"https:\/\/paripesa.team\/br\/","name":"Paripesa Team br","description":"My WordPress Blog","potentialAction":[{"@type":"SearchAction","target":{"@type":"EntryPoint","urlTemplate":"https:\/\/paripesa.team\/br\/?s={search_term_string}"},"query-input":"required name=search_term_string"}],"inLanguage":"pt-BR"}]}},"_links":{"self":[{"href":"https:\/\/paripesa.team\/br\/wp-json\/wp\/v2\/pages\/2","targetHints":{"allow":["GET"]}}],"collection":[{"href":"https:\/\/paripesa.team\/br\/wp-json\/wp\/v2\/pages"}],"about":[{"href":"https:\/\/paripesa.team\/br\/wp-json\/wp\/v2\/types\/page"}],"author":[{"embeddable":true,"href":"https:\/\/paripesa.team\/br\/wp-json\/wp\/v2\/users\/1"}],"replies":[{"embeddable":true,"href":"https:\/\/paripesa.team\/br\/wp-json\/wp\/v2\/comments?post=2"}],"version-history":[{"count":78,"href":"https:\/\/paripesa.team\/br\/wp-json\/wp\/v2\/pages\/2\/revisions"}],"predecessor-version":[{"id":563,"href":"https:\/\/paripesa.team\/br\/wp-json\/wp\/v2\/pages\/2\/revisions\/563"}],"wp:attachment":[{"href":"https:\/\/paripesa.team\/br\/wp-json\/wp\/v2\/media?parent=2"}],"curies":[{"name":"wp","href":"https:\/\/api.w.org\/{rel}","templated":true}]}}