{"id":273,"date":"2024-03-14T05:50:59","date_gmt":"2024-03-14T05:50:59","guid":{"rendered":"https:\/\/paripesa.team\/bj\/ru\/?page_id=273"},"modified":"2026-04-08T09:53:29","modified_gmt":"2026-04-08T09:53:29","slug":"app","status":"publish","type":"page","link":"https:\/\/paripesa.team\/bj\/app\/","title":{"rendered":"Application"},"content":{"rendered":"","protected":false},"excerpt":{"rendered":"","protected":false},"author":1,"featured_media":0,"parent":0,"menu_order":0,"comment_status":"closed","ping_status":"closed","template":"","meta":{"footnotes":""},"class_list":["post-273","page","type-page","status-publish","hentry"],"yoast_head":"<!-- This site is optimized with the Yoast SEO plugin v23.0 - https:\/\/yoast.com\/wordpress\/plugins\/seo\/ -->\n<title>Application Paripesa : \u2705 T\u00e9l\u00e9chargement gratuit pour Android et iOS<\/title>\n<meta name=\"description\" content=\"L&#039;application mobile Paripesa Benin vous permet d&#039;acc\u00e9der \u00e0 vos divertissements pr\u00e9f\u00e9r\u00e9s \u00e0 tout moment et o\u00f9 que vous soyez. Profitez des avantages de l&#039;application mobile Paripesa\" \/>\n<meta name=\"robots\" content=\"index, follow, max-snippet:-1, max-image-preview:large, max-video-preview:-1\" \/>\n<meta property=\"og:locale\" content=\"fr_FR\" \/>\n<meta property=\"og:type\" content=\"article\" \/>\n<meta property=\"og:title\" content=\"Application Paripesa : \u2705 T\u00e9l\u00e9chargement gratuit pour Android et iOS\" \/>\n<meta property=\"og:description\" content=\"L&#039;application mobile Paripesa Benin vous permet d&#039;acc\u00e9der \u00e0 vos divertissements pr\u00e9f\u00e9r\u00e9s \u00e0 tout moment et o\u00f9 que vous soyez. Profitez des avantages de l&#039;application mobile Paripesa\" \/>\n<meta property=\"og:url\" content=\"https:\/\/paripesa.team\/bj\/app\/\" \/>\n<meta property=\"og:site_name\" content=\"Paripesa Team BJ\" \/>\n<meta property=\"article:modified_time\" content=\"2026-04-08T09:53:29+00:00\" \/>\n<meta name=\"twitter:card\" content=\"summary_large_image\" \/>\n<script type=\"application\/ld+json\" class=\"yoast-schema-graph\">{\"@context\":\"https:\/\/schema.org\",\"@graph\":[{\"@type\":\"WebPage\",\"@id\":\"https:\/\/paripesa.team\/bj\/app\/\",\"url\":\"https:\/\/paripesa.team\/bj\/app\/\",\"name\":\"Application Paripesa : \u2705 T\u00e9l\u00e9chargement gratuit pour Android et iOS\",\"isPartOf\":{\"@id\":\"https:\/\/paripesa.team\/bj\/#website\"},\"datePublished\":\"2024-03-14T05:50:59+00:00\",\"dateModified\":\"2026-04-08T09:53:29+00:00\",\"description\":\"L'application mobile Paripesa Benin vous permet d'acc\u00e9der \u00e0 vos divertissements pr\u00e9f\u00e9r\u00e9s \u00e0 tout moment et o\u00f9 que vous soyez. Profitez des avantages de l'application mobile Paripesa\",\"breadcrumb\":{\"@id\":\"https:\/\/paripesa.team\/bj\/app\/#breadcrumb\"},\"inLanguage\":\"fr-BJ\",\"potentialAction\":[{\"@type\":\"ReadAction\",\"target\":[\"https:\/\/paripesa.team\/bj\/app\/\"]}]},{\"@type\":\"BreadcrumbList\",\"@id\":\"https:\/\/paripesa.team\/bj\/app\/#breadcrumb\",\"itemListElement\":[{\"@type\":\"ListItem\",\"position\":1,\"name\":\"Home\",\"item\":\"https:\/\/paripesa.team\/bj\/\"},{\"@type\":\"ListItem\",\"position\":2,\"name\":\"Application\"}]},{\"@type\":\"WebSite\",\"@id\":\"https:\/\/paripesa.team\/bj\/#website\",\"url\":\"https:\/\/paripesa.team\/bj\/\",\"name\":\"Paripesa Team BJ\",\"description\":\"My WordPress Blog\",\"potentialAction\":[{\"@type\":\"SearchAction\",\"target\":{\"@type\":\"EntryPoint\",\"urlTemplate\":\"https:\/\/paripesa.team\/bj\/?s={search_term_string}\"},\"query-input\":\"required name=search_term_string\"}],\"inLanguage\":\"fr-BJ\"}]}<\/script>\n<!-- \/ Yoast SEO plugin. -->","yoast_head_json":{"title":"Application Paripesa : \u2705 T\u00e9l\u00e9chargement gratuit pour Android et iOS","description":"L'application mobile Paripesa Benin vous permet d'acc\u00e9der \u00e0 vos divertissements pr\u00e9f\u00e9r\u00e9s \u00e0 tout moment et o\u00f9 que vous soyez. Profitez des avantages de l'application mobile Paripesa","robots":{"index":"index","follow":"follow","max-snippet":"max-snippet:-1","max-image-preview":"max-image-preview:large","max-video-preview":"max-video-preview:-1"},"og_locale":"fr_FR","og_type":"article","og_title":"Application Paripesa : \u2705 T\u00e9l\u00e9chargement gratuit pour Android et iOS","og_description":"L'application mobile Paripesa Benin vous permet d'acc\u00e9der \u00e0 vos divertissements pr\u00e9f\u00e9r\u00e9s \u00e0 tout moment et o\u00f9 que vous soyez. Profitez des avantages de l'application mobile Paripesa","og_url":"https:\/\/paripesa.team\/bj\/app\/","og_site_name":"Paripesa Team BJ","article_modified_time":"2026-04-08T09:53:29+00:00","twitter_card":"summary_large_image","schema":{"@context":"https:\/\/schema.org","@graph":[{"@type":"WebPage","@id":"https:\/\/paripesa.team\/bj\/app\/","url":"https:\/\/paripesa.team\/bj\/app\/","name":"Application Paripesa : \u2705 T\u00e9l\u00e9chargement gratuit pour Android et iOS","isPartOf":{"@id":"https:\/\/paripesa.team\/bj\/#website"},"datePublished":"2024-03-14T05:50:59+00:00","dateModified":"2026-04-08T09:53:29+00:00","description":"L'application mobile Paripesa Benin vous permet d'acc\u00e9der \u00e0 vos divertissements pr\u00e9f\u00e9r\u00e9s \u00e0 tout moment et o\u00f9 que vous soyez. Profitez des avantages de l'application mobile Paripesa","breadcrumb":{"@id":"https:\/\/paripesa.team\/bj\/app\/#breadcrumb"},"inLanguage":"fr-BJ","potentialAction":[{"@type":"ReadAction","target":["https:\/\/paripesa.team\/bj\/app\/"]}]},{"@type":"BreadcrumbList","@id":"https:\/\/paripesa.team\/bj\/app\/#breadcrumb","itemListElement":[{"@type":"ListItem","position":1,"name":"Home","item":"https:\/\/paripesa.team\/bj\/"},{"@type":"ListItem","position":2,"name":"Application"}]},{"@type":"WebSite","@id":"https:\/\/paripesa.team\/bj\/#website","url":"https:\/\/paripesa.team\/bj\/","name":"Paripesa Team BJ","description":"My WordPress Blog","potentialAction":[{"@type":"SearchAction","target":{"@type":"EntryPoint","urlTemplate":"https:\/\/paripesa.team\/bj\/?s={search_term_string}"},"query-input":"required name=search_term_string"}],"inLanguage":"fr-BJ"}]}},"_links":{"self":[{"href":"https:\/\/paripesa.team\/bj\/wp-json\/wp\/v2\/pages\/273","targetHints":{"allow":["GET"]}}],"collection":[{"href":"https:\/\/paripesa.team\/bj\/wp-json\/wp\/v2\/pages"}],"about":[{"href":"https:\/\/paripesa.team\/bj\/wp-json\/wp\/v2\/types\/page"}],"author":[{"embeddable":true,"href":"https:\/\/paripesa.team\/bj\/wp-json\/wp\/v2\/users\/1"}],"replies":[{"embeddable":true,"href":"https:\/\/paripesa.team\/bj\/wp-json\/wp\/v2\/comments?post=273"}],"version-history":[{"count":7,"href":"https:\/\/paripesa.team\/bj\/wp-json\/wp\/v2\/pages\/273\/revisions"}],"predecessor-version":[{"id":553,"href":"https:\/\/paripesa.team\/bj\/wp-json\/wp\/v2\/pages\/273\/revisions\/553"}],"wp:attachment":[{"href":"https:\/\/paripesa.team\/bj\/wp-json\/wp\/v2\/media?parent=273"}],"curies":[{"name":"wp","href":"https:\/\/api.w.org\/{rel}","templated":true}]}}